{"id":489,"date":"2023-08-01T19:19:35","date_gmt":"2023-08-01T19:19:35","guid":{"rendered":"https:\/\/www.foerderkreis-bu-sen.de\/?page_id=489"},"modified":"2025-03-09T17:05:09","modified_gmt":"2025-03-09T16:05:09","slug":"buecherschrank-2","status":"publish","type":"page","link":"https:\/\/foekreisbu.de\/index.php\/buecherschrank-2\/","title":{"rendered":"B\u00fccherschrank"},"content":{"rendered":"\t\t<div data-elementor-type=\"wp-page\" data-elementor-id=\"489\" class=\"elementor elementor-489\">\n\t\t\t\t\t\t<section class=\"elementor-section elementor-top-section elementor-element elementor-element-1e23b17 elementor-section-boxed elementor-section-height-default elementor-section-height-default\" data-id=\"1e23b17\" data-element_type=\"section\" data-e-type=\"section\">\n\t\t\t\t\t\t<div class=\"elementor-container elementor-column-gap-default\">\n\t\t\t\t\t<div class=\"elementor-column elementor-col-100 elementor-top-column elementor-element elementor-element-394d667\" data-id=\"394d667\" data-element_type=\"column\" data-e-type=\"column\">\n\t\t\t<div class=\"elementor-widget-wrap elementor-element-populated\">\n\t\t\t\t\t\t\t<\/div>\n\t\t<\/div>\n\t\t\t\t\t<\/div>\n\t\t<\/section>\n\t\t\t\t<section class=\"elementor-section elementor-top-section elementor-element elementor-element-c676732 elementor-section-boxed elementor-section-height-default elementor-section-height-default\" data-id=\"c676732\" data-element_type=\"section\" data-e-type=\"section\">\n\t\t\t\t\t\t<div class=\"elementor-container elementor-column-gap-default\">\n\t\t\t\t\t<div class=\"elementor-column elementor-col-100 elementor-top-column elementor-element elementor-element-4c621ba\" data-id=\"4c621ba\" data-element_type=\"column\" data-e-type=\"column\">\n\t\t\t<div class=\"elementor-widget-wrap elementor-element-populated\">\n\t\t\t\t\t\t<div class=\"elementor-element elementor-element-f853cda elementor-widget elementor-widget-image\" data-id=\"f853cda\" data-element_type=\"widget\" data-e-type=\"widget\" data-widget_type=\"image.default\">\n\t\t\t\t<div class=\"elementor-widget-container\">\n\t\t\t\t\t\t\t\t\t\t\t\t\t\t\t<img fetchpriority=\"high\" decoding=\"async\" width=\"300\" height=\"300\" src=\"https:\/\/foekreisbu.de\/wp-content\/uploads\/2023\/08\/Buecherschrank.jpg\" class=\"attachment-large size-large wp-image-490\" alt=\"\" srcset=\"https:\/\/foekreisbu.de\/wp-content\/uploads\/2023\/08\/Buecherschrank.jpg 300w, https:\/\/foekreisbu.de\/wp-content\/uploads\/2023\/08\/Buecherschrank-150x150.jpg 150w\" sizes=\"(max-width: 300px) 100vw, 300px\" \/>\t\t\t\t\t\t\t\t\t\t\t\t\t\t\t<\/div>\n\t\t\t\t<\/div>\n\t\t\t\t\t<\/div>\n\t\t<\/div>\n\t\t\t\t\t<\/div>\n\t\t<\/section>\n\t\t\t\t<section class=\"elementor-section elementor-top-section elementor-element elementor-element-42e675e elementor-section-boxed elementor-section-height-default elementor-section-height-default\" data-id=\"42e675e\" data-element_type=\"section\" data-e-type=\"section\">\n\t\t\t\t\t\t<div class=\"elementor-container elementor-column-gap-default\">\n\t\t\t\t\t<div class=\"elementor-column elementor-col-100 elementor-top-column elementor-element elementor-element-1ead7fe\" data-id=\"1ead7fe\" data-element_type=\"column\" data-e-type=\"column\">\n\t\t\t<div class=\"elementor-widget-wrap elementor-element-populated\">\n\t\t\t\t\t\t\t<\/div>\n\t\t<\/div>\n\t\t\t\t\t<\/div>\n\t\t<\/section>\n\t\t\t\t<section class=\"elementor-section elementor-top-section elementor-element elementor-element-a5d344d elementor-section-boxed elementor-section-height-default elementor-section-height-default\" data-id=\"a5d344d\" data-element_type=\"section\" data-e-type=\"section\">\n\t\t\t\t\t\t<div class=\"elementor-container elementor-column-gap-default\">\n\t\t\t\t\t<div class=\"elementor-column elementor-col-100 elementor-top-column elementor-element elementor-element-c3733af\" data-id=\"c3733af\" data-element_type=\"column\" data-e-type=\"column\" data-settings=\"{&quot;background_background&quot;:&quot;classic&quot;}\">\n\t\t\t<div class=\"elementor-widget-wrap elementor-element-populated\">\n\t\t\t\t\t\t<div class=\"elementor-element elementor-element-b213c2a elementor-widget elementor-widget-text-editor\" data-id=\"b213c2a\" data-element_type=\"widget\" data-e-type=\"widget\" data-widget_type=\"text-editor.default\">\n\t\t\t\t<div class=\"elementor-widget-container\">\n\t\t\t\t\t\t\t\t\t<h2 style=\"text-align: left;\">Der erste \u00f6ffentliche B\u00fccherschrank konnte\u00a0 am 1. M\u00e4rz 2014 allen B\u00fcrgerinnen und B\u00fcrgern zur Nutzung \u00fcbergeben werden. Er steht an der Marktstra\u00dfe gegen\u00fcber der Post.<\/h2><h2>Diese \u201eStra\u00dfenbibliothek\u201c ist nicht an \u00d6ffnungszeiten gebunden, sondern rund um die Uhr nutzbar. Jeder kann dort B\u00fccher einstellen, um sie anderen zum Lesen anzubieten, oder B\u00fccher entnehmen, um sie selbst zu lesen. Ob man sie zur\u00fcckbringt, beh\u00e4lt oder gegen ein anderes Buch tauscht, entscheidet jeder Nutzer selbst.<\/h2><h2>Bei einer kleinen Auftaktveranstaltung konnten alle Besucher ihr mitgebrachtes Buch hineinstellen, und somit zum Gelingen des Projektes beitragen.<\/h2><h2>Im Herbst 2024 konnte der zweite B\u00fccherschrank eingeweiht werden.<br \/>Er steht vor dem Parkplatz des Medizinischen<br \/>Versorgungszentrums an der M\u00f6nkeburgstra\u00dfe \/Ecke Langeoogstra\u00dfe.<\/h2>\t\t\t\t\t\t\t\t<\/div>\n\t\t\t\t<\/div>\n\t\t\t\t\t<\/div>\n\t\t<\/div>\n\t\t\t\t\t<\/div>\n\t\t<\/section>\n\t\t\t\t<section class=\"elementor-section elementor-top-section elementor-element elementor-element-593c383 elementor-section-boxed elementor-section-height-default elementor-section-height-default\" data-id=\"593c383\" data-element_type=\"section\" data-e-type=\"section\">\n\t\t\t\t\t\t<div class=\"elementor-container elementor-column-gap-default\">\n\t\t\t\t\t<div class=\"elementor-column elementor-col-100 elementor-top-column elementor-element elementor-element-d679486\" data-id=\"d679486\" data-element_type=\"column\" data-e-type=\"column\">\n\t\t\t<div class=\"elementor-widget-wrap elementor-element-populated\">\n\t\t\t\t\t\t\t<\/div>\n\t\t<\/div>\n\t\t\t\t\t<\/div>\n\t\t<\/section>\n\t\t<div class=\"elementor-element elementor-element-e7756db e-flex e-con-boxed e-con e-parent\" data-id=\"e7756db\" data-element_type=\"container\" data-e-type=\"container\">\n\t\t\t\t\t<div class=\"e-con-inner\">\n\t\t\t\t<div class=\"elementor-element elementor-element-0c52efe elementor-widget elementor-widget-text-editor\" data-id=\"0c52efe\" data-element_type=\"widget\" data-e-type=\"widget\" data-widget_type=\"text-editor.default\">\n\t\t\t\t<div class=\"elementor-widget-container\">\n\t\t\t\t\t\t\t\t\t<h2>Der neue B\u00fccherschrank in der Weststadt:<\/h2>\t\t\t\t\t\t\t\t<\/div>\n\t\t\t\t<\/div>\n\t\t\t\t\t<\/div>\n\t\t\t\t<\/div>\n\t\t<div class=\"elementor-element elementor-element-fee6bde e-flex e-con-boxed e-con e-parent\" data-id=\"fee6bde\" data-element_type=\"container\" data-e-type=\"container\">\n\t\t\t\t\t<div class=\"e-con-inner\">\n\t\t\t\t<div class=\"elementor-element elementor-element-0ff030d elementor-widget elementor-widget-image\" data-id=\"0ff030d\" data-element_type=\"widget\" data-e-type=\"widget\" data-widget_type=\"image.default\">\n\t\t\t\t<div class=\"elementor-widget-container\">\n\t\t\t\t\t\t\t\t\t\t\t\t\t\t\t<img decoding=\"async\" width=\"225\" height=\"300\" src=\"https:\/\/foekreisbu.de\/wp-content\/uploads\/2024\/11\/IMG_6769-225x300.jpeg\" class=\"attachment-medium size-medium wp-image-1388\" alt=\"\" srcset=\"https:\/\/foekreisbu.de\/wp-content\/uploads\/2024\/11\/IMG_6769-225x300.jpeg 225w, https:\/\/foekreisbu.de\/wp-content\/uploads\/2024\/11\/IMG_6769-768x1024.jpeg 768w, https:\/\/foekreisbu.de\/wp-content\/uploads\/2024\/11\/IMG_6769-1152x1536.jpeg 1152w, https:\/\/foekreisbu.de\/wp-content\/uploads\/2024\/11\/IMG_6769.jpeg 1536w\" sizes=\"(max-width: 225px) 100vw, 225px\" \/>\t\t\t\t\t\t\t\t\t\t\t\t\t\t\t<\/div>\n\t\t\t\t<\/div>\n\t\t\t\t<div class=\"elementor-element elementor-element-d42c758 elementor-widget elementor-widget-spacer\" data-id=\"d42c758\" data-element_type=\"widget\" data-e-type=\"widget\" data-widget_type=\"spacer.default\">\n\t\t\t\t<div class=\"elementor-widget-container\">\n\t\t\t\t\t\t\t<div class=\"elementor-spacer\">\n\t\t\t<div class=\"elementor-spacer-inner\"><\/div>\n\t\t<\/div>\n\t\t\t\t\t\t<\/div>\n\t\t\t\t<\/div>\n\t\t\t\t\t<\/div>\n\t\t\t\t<\/div>\n\t\t\t\t<section class=\"elementor-section elementor-top-section elementor-element elementor-element-955ed34 elementor-section-boxed elementor-section-height-default elementor-section-height-default\" data-id=\"955ed34\" data-element_type=\"section\" data-e-type=\"section\">\n\t\t\t\t\t\t<div class=\"elementor-container elementor-column-gap-default\">\n\t\t\t\t\t<div class=\"elementor-column elementor-col-33 elementor-top-column elementor-element elementor-element-42f78d2\" data-id=\"42f78d2\" data-element_type=\"column\" data-e-type=\"column\">\n\t\t\t<div class=\"elementor-widget-wrap\">\n\t\t\t\t\t\t\t<\/div>\n\t\t<\/div>\n\t\t\t\t<div class=\"elementor-column elementor-col-33 elementor-top-column elementor-element elementor-element-24a2fe8\" data-id=\"24a2fe8\" data-element_type=\"column\" data-e-type=\"column\">\n\t\t\t<div class=\"elementor-widget-wrap\">\n\t\t\t\t\t\t\t<\/div>\n\t\t<\/div>\n\t\t\t\t<div class=\"elementor-column elementor-col-33 elementor-top-column elementor-element elementor-element-78086d1\" data-id=\"78086d1\" data-element_type=\"column\" data-e-type=\"column\">\n\t\t\t<div class=\"elementor-widget-wrap\">\n\t\t\t\t\t\t\t<\/div>\n\t\t<\/div>\n\t\t\t\t\t<\/div>\n\t\t<\/section>\n\t\t\t\t<section class=\"elementor-section elementor-top-section elementor-element elementor-element-a64e228 elementor-section-boxed elementor-section-height-default elementor-section-height-default\" data-id=\"a64e228\" data-element_type=\"section\" data-e-type=\"section\">\n\t\t\t\t\t\t<div class=\"elementor-container elementor-column-gap-default\">\n\t\t\t\t\t<div class=\"elementor-column elementor-col-100 elementor-top-column elementor-element elementor-element-306eb1f\" data-id=\"306eb1f\" data-element_type=\"column\" data-e-type=\"column\">\n\t\t\t<div class=\"elementor-widget-wrap elementor-element-populated\">\n\t\t\t\t\t\t<div class=\"elementor-element elementor-element-c6ef0e4 elementor-widget elementor-widget-button\" data-id=\"c6ef0e4\" data-element_type=\"widget\" data-e-type=\"widget\" data-widget_type=\"button.default\">\n\t\t\t\t<div class=\"elementor-widget-container\">\n\t\t\t\t\t\t\t\t\t<div class=\"elementor-button-wrapper\">\n\t\t\t\t\t<a class=\"elementor-button elementor-button-link elementor-size-sm\" href=\"https:\/\/foekreisbu.de\/index.php\/projekte\/\">\n\t\t\t\t\t\t<span class=\"elementor-button-content-wrapper\">\n\t\t\t\t\t\t\t\t\t<span class=\"elementor-button-text\">Zur\u00fcck<\/span>\n\t\t\t\t\t<\/span>\n\t\t\t\t\t<\/a>\n\t\t\t\t<\/div>\n\t\t\t\t\t\t\t\t<\/div>\n\t\t\t\t<\/div>\n\t\t\t\t\t<\/div>\n\t\t<\/div>\n\t\t\t\t\t<\/div>\n\t\t<\/section>\n\t\t\t\t<\/div>\n\t\t","protected":false},"excerpt":{"rendered":"<p>Der erste \u00f6ffentliche B\u00fccherschrank konnte\u00a0 am 1. M\u00e4rz 2014 allen B\u00fcrgerinnen und B\u00fcrgern zur Nutzung \u00fcbergeben werden. Er steht an der Marktstra\u00dfe gegen\u00fcber der Post. Diese \u201eStra\u00dfenbibliothek\u201c ist nicht an \u00d6ffnungszeiten gebunden, sondern rund um die Uhr nutzbar. Jeder kann dort B\u00fccher einstellen, um sie anderen zum Lesen anzubieten, oder B\u00fccher entnehmen, um sie selbst [&hellip;]<\/p>\n","protected":false},"author":1,"featured_media":0,"parent":0,"menu_order":0,"comment_status":"closed","ping_status":"closed","template":"","meta":{"ocean_post_layout":"","ocean_both_sidebars_style":"","ocean_both_sidebars_content_width":0,"ocean_both_sidebars_sidebars_width":0,"ocean_sidebar":"","ocean_second_sidebar":"","ocean_disable_margins":"enable","ocean_add_body_class":"","ocean_shortcode_before_top_bar":"","ocean_shortcode_after_top_bar":"","ocean_shortcode_before_header":"","ocean_shortcode_after_header":"","ocean_has_shortcode":"","ocean_shortcode_after_title":"","ocean_shortcode_before_footer_widgets":"","ocean_shortcode_after_footer_widgets":"","ocean_shortcode_before_footer_bottom":"","ocean_shortcode_after_footer_bottom":"","ocean_display_top_bar":"default","ocean_display_header":"default","ocean_header_style":"","ocean_center_header_left_menu":"","ocean_custom_header_template":"","ocean_custom_logo":0,"ocean_custom_retina_logo":0,"ocean_custom_logo_max_width":0,"ocean_custom_logo_tablet_max_width":0,"ocean_custom_logo_mobile_max_width":0,"ocean_custom_logo_max_height":0,"ocean_custom_logo_tablet_max_height":0,"ocean_custom_logo_mobile_max_height":0,"ocean_header_custom_menu":"","ocean_menu_typo_font_family":"","ocean_menu_typo_font_subset":"","ocean_menu_typo_font_size":0,"ocean_menu_typo_font_size_tablet":0,"ocean_menu_typo_font_size_mobile":0,"ocean_menu_typo_font_size_unit":"px","ocean_menu_typo_font_weight":"","ocean_menu_typo_font_weight_tablet":"","ocean_menu_typo_font_weight_mobile":"","ocean_menu_typo_transform":"","ocean_menu_typo_transform_tablet":"","ocean_menu_typo_transform_mobile":"","ocean_menu_typo_line_height":0,"ocean_menu_typo_line_height_tablet":0,"ocean_menu_typo_line_height_mobile":0,"ocean_menu_typo_line_height_unit":"","ocean_menu_typo_spacing":0,"ocean_menu_typo_spacing_tablet":0,"ocean_menu_typo_spacing_mobile":0,"ocean_menu_typo_spacing_unit":"","ocean_menu_link_color":"","ocean_menu_link_color_hover":"","ocean_menu_link_color_active":"","ocean_menu_link_background":"","ocean_menu_link_hover_background":"","ocean_menu_link_active_background":"","ocean_menu_social_links_bg":"","ocean_menu_social_hover_links_bg":"","ocean_menu_social_links_color":"","ocean_menu_social_hover_links_color":"","ocean_disable_title":"default","ocean_disable_heading":"default","ocean_post_title":"","ocean_post_subheading":"","ocean_post_title_style":"","ocean_post_title_background_color":"","ocean_post_title_background":0,"ocean_post_title_bg_image_position":"","ocean_post_title_bg_image_attachment":"","ocean_post_title_bg_image_repeat":"","ocean_post_title_bg_image_size":"","ocean_post_title_height":0,"ocean_post_title_bg_overlay":0.5,"ocean_post_title_bg_overlay_color":"","ocean_disable_breadcrumbs":"default","ocean_breadcrumbs_color":"","ocean_breadcrumbs_separator_color":"","ocean_breadcrumbs_links_color":"","ocean_breadcrumbs_links_hover_color":"","ocean_display_footer_widgets":"default","ocean_display_footer_bottom":"default","ocean_custom_footer_template":"","footnotes":""},"class_list":["post-489","page","type-page","status-publish","hentry","entry"],"_links":{"self":[{"href":"https:\/\/foekreisbu.de\/index.php\/wp-json\/wp\/v2\/pages\/489","targetHints":{"allow":["GET"]}}],"collection":[{"href":"https:\/\/foekreisbu.de\/index.php\/wp-json\/wp\/v2\/pages"}],"about":[{"href":"https:\/\/foekreisbu.de\/index.php\/wp-json\/wp\/v2\/types\/page"}],"author":[{"embeddable":true,"href":"https:\/\/foekreisbu.de\/index.php\/wp-json\/wp\/v2\/users\/1"}],"replies":[{"embeddable":true,"href":"https:\/\/foekreisbu.de\/index.php\/wp-json\/wp\/v2\/comments?post=489"}],"version-history":[{"count":15,"href":"https:\/\/foekreisbu.de\/index.php\/wp-json\/wp\/v2\/pages\/489\/revisions"}],"predecessor-version":[{"id":1445,"href":"https:\/\/foekreisbu.de\/index.php\/wp-json\/wp\/v2\/pages\/489\/revisions\/1445"}],"wp:attachment":[{"href":"https:\/\/foekreisbu.de\/index.php\/wp-json\/wp\/v2\/media?parent=489"}],"curies":[{"name":"wp","href":"https:\/\/api.w.org\/{rel}","templated":true}]}}