{"id":483,"date":"2023-08-01T19:16:03","date_gmt":"2023-08-01T19:16:03","guid":{"rendered":"https:\/\/www.foerderkreis-bu-sen.de\/?page_id=483"},"modified":"2024-11-06T14:24:27","modified_gmt":"2024-11-06T13:24:27","slug":"baenke-2","status":"publish","type":"page","link":"https:\/\/foekreisbu.de\/index.php\/baenke-2\/","title":{"rendered":"B\u00e4nke"},"content":{"rendered":"<p><img fetchpriority=\"high\" decoding=\"async\" width=\"768\" height=\"364\" src=\"https:\/\/foekreisbu.de\/wp-content\/uploads\/2023\/08\/Baenke-1.jpg\" alt=\"\" srcset=\"https:\/\/foekreisbu.de\/wp-content\/uploads\/2023\/08\/Baenke-1.jpg 768w, https:\/\/foekreisbu.de\/wp-content\/uploads\/2023\/08\/Baenke-1-300x142.jpg 300w\" sizes=\"(max-width: 768px) 100vw, 768px\" \/>\t\t\t\t\t\t\t\t\t\t\t\t\t<\/p>\n<h2><strong>Drei B\u00e4nke f\u00fcr kleine Pausen<\/strong><\/h2>\n<h2>Sitzgelegenheiten sind f\u00fcr \u00e4ltere Menschen besonders wichtig. Nach dem Einkaufen eine kurze Pause einlegen oder beim Spaziergang mit Blick \u00fcber die Felder entspannen, dazu hat der F\u00f6rderkreis f\u00fcr Burgdorfer Senioren e.V. inzwischen drei neue Sitzb\u00e4nke gespendet und auch die Kosten f\u00fcr den Aufbau durch die Stadt \u00fcbernommen.<\/h2>\n<h2>Eine steht am Ahrbergenweg in H\u00f6he Langeoogstra\u00dfe am Rande der Weststadt, die zweite an der Ecke Schw\u00fcblingser Weg\/Ostlandring in der N\u00e4he der dortigen Discounter und die dritte am Rohrkampsweg n\u00f6rdlich des Ortsendes von Hee\u00dfel.<\/h2>\n<h2>Bei den B\u00e4nken handelt es sich um seniorengerechte Modelle. Sie sind etwas h\u00f6her, so dass man besser aufstehen kann, und haben rechts und links vern\u00fcnftige Armlehnen. Au\u00dferdem sind sie aus einem Material, das nicht so schnell anf\u00e4llig f\u00fcr Flechten und Schmutz ist. Die neueste Bank bei Hee\u00dfel hat 3400 \u20ac gekostet und wurde wie auch die anderen B\u00e4nke vollst\u00e4ndig aus Mitgliedsbeitr\u00e4gen finanziert.<\/h2>\n<p>\u00a0<\/p>\n<figure>\n\t\t\t\t\t\t\t\t\t\t<img decoding=\"async\" width=\"1024\" height=\"768\" src=\"https:\/\/foekreisbu.de\/wp-content\/uploads\/2024\/09\/IMG_8797-1024x768.jpeg\" alt=\"\" srcset=\"https:\/\/foekreisbu.de\/wp-content\/uploads\/2024\/09\/IMG_8797-1024x768.jpeg 1024w, https:\/\/foekreisbu.de\/wp-content\/uploads\/2024\/09\/IMG_8797-300x225.jpeg 300w, https:\/\/foekreisbu.de\/wp-content\/uploads\/2024\/09\/IMG_8797-768x576.jpeg 768w, https:\/\/foekreisbu.de\/wp-content\/uploads\/2024\/09\/IMG_8797-1536x1152.jpeg 1536w, https:\/\/foekreisbu.de\/wp-content\/uploads\/2024\/09\/IMG_8797.jpeg 2048w\" sizes=\"(max-width: 1024px) 100vw, 1024px\" \/><figcaption>Neue Bank am Rohrkampsweg<\/figcaption><\/figure>\n<p>\t\t\t<a href=\"https:\/\/foekreisbu.de\/index.php\/projekte\/\"><br \/>\n\t\t\t\t\t\t\t\t\tZur\u00fcck<br \/>\n\t\t\t\t\t<\/a><\/p>\n","protected":false},"excerpt":{"rendered":"<p>Drei B\u00e4nke f\u00fcr kleine Pausen Sitzgelegenheiten sind f\u00fcr \u00e4ltere Menschen besonders wichtig. Nach dem Einkaufen eine kurze Pause einlegen oder beim Spaziergang mit Blick \u00fcber die Felder entspannen, dazu hat der F\u00f6rderkreis f\u00fcr Burgdorfer Senioren e.V. inzwischen drei neue Sitzb\u00e4nke gespendet und auch die Kosten f\u00fcr den Aufbau durch die Stadt \u00fcbernommen. Eine steht am [&hellip;]<\/p>\n","protected":false},"author":1,"featured_media":0,"parent":0,"menu_order":0,"comment_status":"closed","ping_status":"closed","template":"","meta":{"ocean_post_layout":"","ocean_both_sidebars_style":"","ocean_both_sidebars_content_width":0,"ocean_both_sidebars_sidebars_width":0,"ocean_sidebar":"","ocean_second_sidebar":"","ocean_disable_margins":"enable","ocean_add_body_class":"","ocean_shortcode_before_top_bar":"","ocean_shortcode_after_top_bar":"","ocean_shortcode_before_header":"","ocean_shortcode_after_header":"","ocean_has_shortcode":"","ocean_shortcode_after_title":"","ocean_shortcode_before_footer_widgets":"","ocean_shortcode_after_footer_widgets":"","ocean_shortcode_before_footer_bottom":"","ocean_shortcode_after_footer_bottom":"","ocean_display_top_bar":"default","ocean_display_header":"default","ocean_header_style":"","ocean_center_header_left_menu":"","ocean_custom_header_template":"","ocean_custom_logo":0,"ocean_custom_retina_logo":0,"ocean_custom_logo_max_width":0,"ocean_custom_logo_tablet_max_width":0,"ocean_custom_logo_mobile_max_width":0,"ocean_custom_logo_max_height":0,"ocean_custom_logo_tablet_max_height":0,"ocean_custom_logo_mobile_max_height":0,"ocean_header_custom_menu":"","ocean_menu_typo_font_family":"","ocean_menu_typo_font_subset":"","ocean_menu_typo_font_size":0,"ocean_menu_typo_font_size_tablet":0,"ocean_menu_typo_font_size_mobile":0,"ocean_menu_typo_font_size_unit":"px","ocean_menu_typo_font_weight":"","ocean_menu_typo_font_weight_tablet":"","ocean_menu_typo_font_weight_mobile":"","ocean_menu_typo_transform":"","ocean_menu_typo_transform_tablet":"","ocean_menu_typo_transform_mobile":"","ocean_menu_typo_line_height":0,"ocean_menu_typo_line_height_tablet":0,"ocean_menu_typo_line_height_mobile":0,"ocean_menu_typo_line_height_unit":"","ocean_menu_typo_spacing":0,"ocean_menu_typo_spacing_tablet":0,"ocean_menu_typo_spacing_mobile":0,"ocean_menu_typo_spacing_unit":"","ocean_menu_link_color":"","ocean_menu_link_color_hover":"","ocean_menu_link_color_active":"","ocean_menu_link_background":"","ocean_menu_link_hover_background":"","ocean_menu_link_active_background":"","ocean_menu_social_links_bg":"","ocean_menu_social_hover_links_bg":"","ocean_menu_social_links_color":"","ocean_menu_social_hover_links_color":"","ocean_disable_title":"default","ocean_disable_heading":"default","ocean_post_title":"","ocean_post_subheading":"","ocean_post_title_style":"","ocean_post_title_background_color":"","ocean_post_title_background":0,"ocean_post_title_bg_image_position":"","ocean_post_title_bg_image_attachment":"","ocean_post_title_bg_image_repeat":"","ocean_post_title_bg_image_size":"","ocean_post_title_height":0,"ocean_post_title_bg_overlay":0.5,"ocean_post_title_bg_overlay_color":"","ocean_disable_breadcrumbs":"default","ocean_breadcrumbs_color":"","ocean_breadcrumbs_separator_color":"","ocean_breadcrumbs_links_color":"","ocean_breadcrumbs_links_hover_color":"","ocean_display_footer_widgets":"default","ocean_display_footer_bottom":"default","ocean_custom_footer_template":"","footnotes":""},"class_list":["post-483","page","type-page","status-publish","hentry","entry"],"_links":{"self":[{"href":"https:\/\/foekreisbu.de\/index.php\/wp-json\/wp\/v2\/pages\/483","targetHints":{"allow":["GET"]}}],"collection":[{"href":"https:\/\/foekreisbu.de\/index.php\/wp-json\/wp\/v2\/pages"}],"about":[{"href":"https:\/\/foekreisbu.de\/index.php\/wp-json\/wp\/v2\/types\/page"}],"author":[{"embeddable":true,"href":"https:\/\/foekreisbu.de\/index.php\/wp-json\/wp\/v2\/users\/1"}],"replies":[{"embeddable":true,"href":"https:\/\/foekreisbu.de\/index.php\/wp-json\/wp\/v2\/comments?post=483"}],"version-history":[{"count":6,"href":"https:\/\/foekreisbu.de\/index.php\/wp-json\/wp\/v2\/pages\/483\/revisions"}],"predecessor-version":[{"id":1381,"href":"https:\/\/foekreisbu.de\/index.php\/wp-json\/wp\/v2\/pages\/483\/revisions\/1381"}],"wp:attachment":[{"href":"https:\/\/foekreisbu.de\/index.php\/wp-json\/wp\/v2\/media?parent=483"}],"curies":[{"name":"wp","href":"https:\/\/api.w.org\/{rel}","templated":true}]}}