{"id":23,"date":"2018-02-11T19:31:11","date_gmt":"2018-02-11T19:31:11","guid":{"rendered":"http:\/\/www.foerderkreis-bu-sen.de\/?page_id=23"},"modified":"2026-04-30T16:27:00","modified_gmt":"2026-04-30T14:27:00","slug":"startseite","status":"publish","type":"page","link":"https:\/\/foekreisbu.de\/","title":{"rendered":"Startseite"},"content":{"rendered":"\t\t<div data-elementor-type=\"wp-page\" data-elementor-id=\"23\" class=\"elementor elementor-23\">\n\t\t\t\t\t\t<section class=\"elementor-section elementor-top-section elementor-element elementor-element-c75cb21 elementor-section-boxed elementor-section-height-default elementor-section-height-default\" data-id=\"c75cb21\" data-element_type=\"section\" data-e-type=\"section\">\n\t\t\t\t\t\t<div class=\"elementor-container elementor-column-gap-default\">\n\t\t\t\t\t<div class=\"elementor-column elementor-col-100 elementor-top-column elementor-element elementor-element-e7d0cc1\" data-id=\"e7d0cc1\" data-element_type=\"column\" data-e-type=\"column\">\n\t\t\t<div class=\"elementor-widget-wrap elementor-element-populated\">\n\t\t\t\t\t<div class=\"elementor-background-overlay\"><\/div>\n\t\t\t\t\t\t<div class=\"elementor-element elementor-element-3d56370 elementor-widget elementor-widget-heading\" data-id=\"3d56370\" data-element_type=\"widget\" data-e-type=\"widget\" data-widget_type=\"heading.default\">\n\t\t\t\t<div class=\"elementor-widget-container\">\n\t\t\t\t\t<h1 class=\"elementor-heading-title elementor-size-default\">F\u00f6rderkreis f\u00fcr Burgdorfer Senioren e.V.<\/h1>\t\t\t\t<\/div>\n\t\t\t\t<\/div>\n\t\t\t\t\t<\/div>\n\t\t<\/div>\n\t\t\t\t\t<\/div>\n\t\t<\/section>\n\t\t<div class=\"elementor-element elementor-element-c4a9b8b e-flex e-con-boxed e-con e-parent\" data-id=\"c4a9b8b\" data-element_type=\"container\" data-e-type=\"container\">\n\t\t\t\t\t<div class=\"e-con-inner\">\n\t\t<div class=\"elementor-element elementor-element-43b9485 e-con-full e-flex e-con e-child\" data-id=\"43b9485\" data-element_type=\"container\" data-e-type=\"container\">\n\t\t\t\t<\/div>\n\t\t\t\t\t<\/div>\n\t\t\t\t<\/div>\n\t\t\t\t<section class=\"elementor-section elementor-top-section elementor-element elementor-element-1f1d20c elementor-section-boxed elementor-section-height-default elementor-section-height-default\" data-id=\"1f1d20c\" data-element_type=\"section\" data-e-type=\"section\" data-settings=\"{&quot;background_background&quot;:&quot;classic&quot;}\">\n\t\t\t\t\t\t\t<div class=\"elementor-background-overlay\"><\/div>\n\t\t\t\t\t\t\t<div class=\"elementor-container elementor-column-gap-default\">\n\t\t\t\t\t<div class=\"elementor-column elementor-col-100 elementor-top-column elementor-element elementor-element-a87247c\" data-id=\"a87247c\" data-element_type=\"column\" data-e-type=\"column\" data-settings=\"{&quot;background_background&quot;:&quot;classic&quot;}\">\n\t\t\t<div class=\"elementor-widget-wrap elementor-element-populated\">\n\t\t\t\t\t\t<div class=\"elementor-element elementor-element-a82fb4a elementor-widget elementor-widget-spacer\" data-id=\"a82fb4a\" data-element_type=\"widget\" data-e-type=\"widget\" data-widget_type=\"spacer.default\">\n\t\t\t\t<div class=\"elementor-widget-container\">\n\t\t\t\t\t\t\t<div class=\"elementor-spacer\">\n\t\t\t<div class=\"elementor-spacer-inner\"><\/div>\n\t\t<\/div>\n\t\t\t\t\t\t<\/div>\n\t\t\t\t<\/div>\n\t\t\t\t<div class=\"elementor-element elementor-element-30c06c1 elementor-widget-divider--view-line elementor-widget elementor-widget-divider\" data-id=\"30c06c1\" data-element_type=\"widget\" data-e-type=\"widget\" data-widget_type=\"divider.default\">\n\t\t\t\t<div class=\"elementor-widget-container\">\n\t\t\t\t\t\t\t<div class=\"elementor-divider\">\n\t\t\t<span class=\"elementor-divider-separator\">\n\t\t\t\t\t\t<\/span>\n\t\t<\/div>\n\t\t\t\t\t\t<\/div>\n\t\t\t\t<\/div>\n\t\t\t\t<div class=\"elementor-element elementor-element-9e85394 elementor-widget elementor-widget-image\" data-id=\"9e85394\" data-element_type=\"widget\" data-e-type=\"widget\" data-widget_type=\"image.default\">\n\t\t\t\t<div class=\"elementor-widget-container\">\n\t\t\t\t\t\t\t\t\t\t\t\t\t\t\t<img fetchpriority=\"high\" decoding=\"async\" width=\"768\" height=\"435\" src=\"https:\/\/foekreisbu.de\/wp-content\/uploads\/2023\/08\/Schlossbild-768x435.jpg\" class=\"attachment-medium_large size-medium_large wp-image-554\" alt=\"\" srcset=\"https:\/\/foekreisbu.de\/wp-content\/uploads\/2023\/08\/Schlossbild-768x435.jpg 768w, https:\/\/foekreisbu.de\/wp-content\/uploads\/2023\/08\/Schlossbild-300x170.jpg 300w, https:\/\/foekreisbu.de\/wp-content\/uploads\/2023\/08\/Schlossbild-1024x580.jpg 1024w, https:\/\/foekreisbu.de\/wp-content\/uploads\/2023\/08\/Schlossbild-1536x870.jpg 1536w, https:\/\/foekreisbu.de\/wp-content\/uploads\/2023\/08\/Schlossbild.jpg 2048w\" sizes=\"(max-width: 768px) 100vw, 768px\" \/>\t\t\t\t\t\t\t\t\t\t\t\t\t\t\t<\/div>\n\t\t\t\t<\/div>\n\t\t\t\t<div class=\"elementor-element elementor-element-246dc06 elementor-widget__width-initial elementor-widget elementor-widget-text-editor\" data-id=\"246dc06\" data-element_type=\"widget\" data-e-type=\"widget\" data-widget_type=\"text-editor.default\">\n\t\t\t\t<div class=\"elementor-widget-container\">\n\t\t\t\t\t\t\t\t\t<h2>Der F\u00f6rderkreis f\u00fcr Burgdorfer Senioren e.V. leistet mit seinen Aktivit\u00e4ten einen Beitrag zur Fortentwicklung einer b\u00fcrger-und seniorenfreundlichen Stadt. Dies geschieht durch ideelle und finanzielle F\u00f6rderung unterschiedlicher Projekte.&nbsp;<\/h2>\n<h2>Der Verein unterst\u00fctzt die Seniorenarbeit der Gruppen und Einrichtungen, die&nbsp;sich der Seniorenarbeit widmen; insbesondere unterst\u00fctzt er die Arbeit des <span style=\"text-decoration: underline;\"><span style=\"color: #0000ff; text-decoration: underline;\"><a style=\"color: #0000ff; text-decoration: underline;\" href=\"http:\/\/www.seniorenrat-burgdorf.de\" target=\"_blank\" rel=\"noopener\">Seniorenrates Burgdorf<\/a><\/span><\/span>.<\/h2>\n<h2>Zur Erreichung der Ziele unterst\u00fctzt der Verein auch andere Gruppen und Organisationen, die sich der Seniorenarbeit widmen, so z.B.<\/h2>\n<div>\n<ul>\n<li>\n<h2><a href=\"http:\/\/www.bfb-hilfe.de\" target=\"_blank\" rel=\"noopener\"><span style=\"text-decoration: underline;\"><span style=\"color: #0000ff; text-decoration: underline;\">Verein B\u00fcrger f\u00fcr B\u00fcrger<\/span><\/span><\/a><\/h2>\n<\/li>\n<li>\n<h2><a href=\"http:\/\/www.drk-burgdorf.de\" target=\"_blank\" rel=\"noopener\"><span style=\"text-decoration: underline;\"><span style=\"color: #0000ff; text-decoration: underline;\">DRK Aktiv-Treff<\/span><\/span><\/a><\/h2>\n<\/li>\n<li>\n<h2><a href=\"https:\/\/www.hannover.de\/Media\/02-GIS-Objekte\/Kontaktdatenbank\/Region-Hannover\/FB-Soziales\/Senioren-und-Pflegest%C3%BCtzpunkt-Burgdorfer-Land\" target=\"_blank\" rel=\"noopener\"><span style=\"text-decoration: underline;\"><span style=\"color: #0000ff; text-decoration: underline;\">Senioren- und Pflegest\u00fctzpunkt<\/span><\/span><\/a><\/h2>\n<\/li>\n<\/ul>\n<\/div>\n<h2>Wir sind immer offen f\u00fcr Vorschl\u00e4ge auch von Organisationen, die hier noch nicht erw\u00e4hnt wurden. Bitte wenden Sie sich mit Ihren Ideen an uns.<\/h2>\n<h2>Wenn Sie den F\u00f6rderkreis unterst\u00fctzen m\u00f6chten, senden Sie bitte die <span style=\"text-decoration: underline;\"><span style=\"color: #0000ff; text-decoration: underline;\"><a style=\"color: #0000ff; text-decoration: underline;\" href=\"https:\/\/foekreisbu.de\/index.php\/mitglied-werden\/\" target=\"_blank\" rel=\"noopener\">ausgef\u00fcllte Beitrittserkl\u00e4rung<\/a><\/span><\/span> an:<\/h2>\n<h2><strong> F\u00f6rderkreis f\u00fcr Burgdorfer Senioren e.V.<\/strong><br><strong>Vor dem Hannoverschen Tor 1 (Rathaus II)<\/strong><br><strong>31303 Burgdorf<\/strong><\/h2>\n<h2>oder per Mail<br><a href=\"mailto:info@foekreisbu.de\"><span style=\"text-decoration: underline;\"><span style=\"color: #0000ff; text-decoration: underline;\">info@foekreisbu.de<br><br><\/span><\/span><\/a><\/h2>\n<h2>Unsere Kontoverbindung hat sich ge\u00e4ndert, sie gilt ab dem 18. Mai 2026:<br><br>Kontonummer: 1600005365<br>IBAN:&nbsp; &nbsp; &nbsp; &nbsp; &nbsp; &nbsp; &nbsp; &nbsp; DE02 25050180 1600005365<\/h2>\t\t\t\t\t\t\t\t<\/div>\n\t\t\t\t<\/div>\n\t\t\t\t<div class=\"elementor-element elementor-element-0a9e4a3 elementor-widget-divider--view-line elementor-widget elementor-widget-divider\" data-id=\"0a9e4a3\" data-element_type=\"widget\" data-e-type=\"widget\" data-widget_type=\"divider.default\">\n\t\t\t\t<div class=\"elementor-widget-container\">\n\t\t\t\t\t\t\t<div class=\"elementor-divider\">\n\t\t\t<span class=\"elementor-divider-separator\">\n\t\t\t\t\t\t<\/span>\n\t\t<\/div>\n\t\t\t\t\t\t<\/div>\n\t\t\t\t<\/div>\n\t\t\t\t\t<\/div>\n\t\t<\/div>\n\t\t\t\t\t<\/div>\n\t\t<\/section>\n\t\t\t\t<section class=\"elementor-section elementor-top-section elementor-element elementor-element-8b0ee99 elementor-section-boxed elementor-section-height-default elementor-section-height-default\" data-id=\"8b0ee99\" data-element_type=\"section\" data-e-type=\"section\">\n\t\t\t\t\t\t<div class=\"elementor-container elementor-column-gap-default\">\n\t\t\t\t\t<div class=\"elementor-column elementor-col-100 elementor-top-column elementor-element elementor-element-53a4e26\" data-id=\"53a4e26\" data-element_type=\"column\" data-e-type=\"column\">\n\t\t\t<div class=\"elementor-widget-wrap elementor-element-populated\">\n\t\t\t\t\t\t<div class=\"elementor-element elementor-element-2d5408f elementor-widget elementor-widget-spacer\" data-id=\"2d5408f\" data-element_type=\"widget\" data-e-type=\"widget\" data-widget_type=\"spacer.default\">\n\t\t\t\t<div class=\"elementor-widget-container\">\n\t\t\t\t\t\t\t<div class=\"elementor-spacer\">\n\t\t\t<div class=\"elementor-spacer-inner\"><\/div>\n\t\t<\/div>\n\t\t\t\t\t\t<\/div>\n\t\t\t\t<\/div>\n\t\t\t\t<div class=\"elementor-element elementor-element-6b26860 elementor-widget elementor-widget-heading\" data-id=\"6b26860\" data-element_type=\"widget\" data-e-type=\"widget\" data-widget_type=\"heading.default\">\n\t\t\t\t<div class=\"elementor-widget-container\">\n\t\t\t\t\t<h2 class=\"elementor-heading-title elementor-size-default\">Unsere Sponsoren:<\/h2>\t\t\t\t<\/div>\n\t\t\t\t<\/div>\n\t\t\t\t\t<\/div>\n\t\t<\/div>\n\t\t\t\t\t<\/div>\n\t\t<\/section>\n\t\t<div class=\"elementor-element elementor-element-d1837c1 e-flex e-con-boxed e-con e-parent\" data-id=\"d1837c1\" data-element_type=\"container\" data-e-type=\"container\">\n\t\t\t\t\t<div class=\"e-con-inner\">\n\t\t\t\t<div class=\"elementor-element elementor-element-2e2d600 elementor-widget elementor-widget-image-gallery\" data-id=\"2e2d600\" data-element_type=\"widget\" data-e-type=\"widget\" data-widget_type=\"image-gallery.default\">\n\t\t\t\t<div class=\"elementor-widget-container\">\n\t\t\t\t\t\t\t<div class=\"elementor-image-gallery\">\n\t\t\t<div id='gallery-1' class='gallery galleryid-23 gallery-columns-3 gallery-size-medium'><figure class='gallery-item'>\n\t\t\t<div class='gallery-icon landscape'>\n\t\t\t\t<img decoding=\"async\" width=\"300\" height=\"143\" src=\"https:\/\/foekreisbu.de\/wp-content\/uploads\/2024\/02\/Logo-Ambulante-Pflege-2-300x143.png\" class=\"attachment-medium size-medium\" alt=\"\" srcset=\"https:\/\/foekreisbu.de\/wp-content\/uploads\/2024\/02\/Logo-Ambulante-Pflege-2-300x143.png 300w, https:\/\/foekreisbu.de\/wp-content\/uploads\/2024\/02\/Logo-Ambulante-Pflege-2-1024x488.png 1024w, https:\/\/foekreisbu.de\/wp-content\/uploads\/2024\/02\/Logo-Ambulante-Pflege-2-768x366.png 768w, https:\/\/foekreisbu.de\/wp-content\/uploads\/2024\/02\/Logo-Ambulante-Pflege-2.png 1235w\" sizes=\"(max-width: 300px) 100vw, 300px\" \/>\n\t\t\t<\/div><\/figure><figure class='gallery-item'>\n\t\t\t<div class='gallery-icon landscape'>\n\t\t\t\t<img decoding=\"async\" width=\"300\" height=\"166\" src=\"https:\/\/foekreisbu.de\/wp-content\/uploads\/2024\/02\/Logo-Stadtwerke-2-300x166.png\" class=\"attachment-medium size-medium\" alt=\"\" srcset=\"https:\/\/foekreisbu.de\/wp-content\/uploads\/2024\/02\/Logo-Stadtwerke-2-300x166.png 300w, https:\/\/foekreisbu.de\/wp-content\/uploads\/2024\/02\/Logo-Stadtwerke-2-1024x567.png 1024w, https:\/\/foekreisbu.de\/wp-content\/uploads\/2024\/02\/Logo-Stadtwerke-2-768x426.png 768w, https:\/\/foekreisbu.de\/wp-content\/uploads\/2024\/02\/Logo-Stadtwerke-2.png 1061w\" sizes=\"(max-width: 300px) 100vw, 300px\" \/>\n\t\t\t<\/div><\/figure>\n\t\t<\/div>\n\t\t<\/div>\n\t\t\t\t\t\t<\/div>\n\t\t\t\t<\/div>\n\t\t\t\t\t<\/div>\n\t\t\t\t<\/div>\n\t\t\t\t<\/div>\n\t\t","protected":false},"excerpt":{"rendered":"<p>F\u00f6rderkreis f\u00fcr Burgdorfer Senioren e.V. Der F\u00f6rderkreis f\u00fcr Burgdorfer Senioren e.V. leistet mit seinen Aktivit\u00e4ten einen Beitrag zur Fortentwicklung einer b\u00fcrger-und seniorenfreundlichen Stadt. Dies geschieht durch ideelle und finanzielle F\u00f6rderung unterschiedlicher Projekte.&nbsp; Der Verein unterst\u00fctzt die Seniorenarbeit der Gruppen und Einrichtungen, die&nbsp;sich der Seniorenarbeit widmen; insbesondere unterst\u00fctzt er die Arbeit des Seniorenrates Burgdorf. Zur Erreichung [&hellip;]<\/p>\n","protected":false},"author":1,"featured_media":0,"parent":0,"menu_order":0,"comment_status":"closed","ping_status":"closed","template":"","meta":{"ocean_post_layout":"","ocean_both_sidebars_style":"","ocean_both_sidebars_content_width":0,"ocean_both_sidebars_sidebars_width":0,"ocean_sidebar":"","ocean_second_sidebar":"","ocean_disable_margins":"enable","ocean_add_body_class":"","ocean_shortcode_before_top_bar":"","ocean_shortcode_after_top_bar":"","ocean_shortcode_before_header":"","ocean_shortcode_after_header":"","ocean_has_shortcode":"","ocean_shortcode_after_title":"","ocean_shortcode_before_footer_widgets":"","ocean_shortcode_after_footer_widgets":"","ocean_shortcode_before_footer_bottom":"","ocean_shortcode_after_footer_bottom":"","ocean_display_top_bar":"default","ocean_display_header":"default","ocean_header_style":"","ocean_center_header_left_menu":"","ocean_custom_header_template":"","ocean_custom_logo":0,"ocean_custom_retina_logo":0,"ocean_custom_logo_max_width":0,"ocean_custom_logo_tablet_max_width":0,"ocean_custom_logo_mobile_max_width":0,"ocean_custom_logo_max_height":0,"ocean_custom_logo_tablet_max_height":0,"ocean_custom_logo_mobile_max_height":0,"ocean_header_custom_menu":"","ocean_menu_typo_font_family":"","ocean_menu_typo_font_subset":"","ocean_menu_typo_font_size":0,"ocean_menu_typo_font_size_tablet":0,"ocean_menu_typo_font_size_mobile":0,"ocean_menu_typo_font_size_unit":"px","ocean_menu_typo_font_weight":"","ocean_menu_typo_font_weight_tablet":"","ocean_menu_typo_font_weight_mobile":"","ocean_menu_typo_transform":"","ocean_menu_typo_transform_tablet":"","ocean_menu_typo_transform_mobile":"","ocean_menu_typo_line_height":0,"ocean_menu_typo_line_height_tablet":0,"ocean_menu_typo_line_height_mobile":0,"ocean_menu_typo_line_height_unit":"","ocean_menu_typo_spacing":0,"ocean_menu_typo_spacing_tablet":0,"ocean_menu_typo_spacing_mobile":0,"ocean_menu_typo_spacing_unit":"","ocean_menu_link_color":"","ocean_menu_link_color_hover":"","ocean_menu_link_color_active":"","ocean_menu_link_background":"","ocean_menu_link_hover_background":"","ocean_menu_link_active_background":"","ocean_menu_social_links_bg":"","ocean_menu_social_hover_links_bg":"","ocean_menu_social_links_color":"","ocean_menu_social_hover_links_color":"","ocean_disable_title":"default","ocean_disable_heading":"default","ocean_post_title":"","ocean_post_subheading":"","ocean_post_title_style":"","ocean_post_title_background_color":"","ocean_post_title_background":0,"ocean_post_title_bg_image_position":"","ocean_post_title_bg_image_attachment":"","ocean_post_title_bg_image_repeat":"","ocean_post_title_bg_image_size":"","ocean_post_title_height":0,"ocean_post_title_bg_overlay":0.5,"ocean_post_title_bg_overlay_color":"","ocean_disable_breadcrumbs":"default","ocean_breadcrumbs_color":"","ocean_breadcrumbs_separator_color":"","ocean_breadcrumbs_links_color":"","ocean_breadcrumbs_links_hover_color":"","ocean_display_footer_widgets":"default","ocean_display_footer_bottom":"default","ocean_custom_footer_template":"","footnotes":""},"class_list":["post-23","page","type-page","status-publish","hentry","entry"],"_links":{"self":[{"href":"https:\/\/foekreisbu.de\/index.php\/wp-json\/wp\/v2\/pages\/23","targetHints":{"allow":["GET"]}}],"collection":[{"href":"https:\/\/foekreisbu.de\/index.php\/wp-json\/wp\/v2\/pages"}],"about":[{"href":"https:\/\/foekreisbu.de\/index.php\/wp-json\/wp\/v2\/types\/page"}],"author":[{"embeddable":true,"href":"https:\/\/foekreisbu.de\/index.php\/wp-json\/wp\/v2\/users\/1"}],"replies":[{"embeddable":true,"href":"https:\/\/foekreisbu.de\/index.php\/wp-json\/wp\/v2\/comments?post=23"}],"version-history":[{"count":123,"href":"https:\/\/foekreisbu.de\/index.php\/wp-json\/wp\/v2\/pages\/23\/revisions"}],"predecessor-version":[{"id":1674,"href":"https:\/\/foekreisbu.de\/index.php\/wp-json\/wp\/v2\/pages\/23\/revisions\/1674"}],"wp:attachment":[{"href":"https:\/\/foekreisbu.de\/index.php\/wp-json\/wp\/v2\/media?parent=23"}],"curies":[{"name":"wp","href":"https:\/\/api.w.org\/{rel}","templated":true}]}}